{"id":517,"date":"2022-09-03T06:54:57","date_gmt":"2022-09-03T06:54:57","guid":{"rendered":"https:\/\/kobras.ee\/avaleht\/"},"modified":"2022-11-28T12:25:38","modified_gmt":"2022-11-28T12:25:38","slug":"avaleht","status":"publish","type":"page","link":"https:\/\/kobras.ee\/en\/","title":{"rendered":"Home"},"content":{"rendered":"<div id=\"acf-block_3cacbd1398a1c458a378f0f1ec74802d\" class=\"acf-block-element element-icon-txt\" data-columns=\"4\"><a href=\"https:\/\/kobras.ee\/tegevusalad\/keskkond\/\" target=\"\" \" class=\"icon-txt__item text-center\"><div class=\"d-flex flex-wrap align-items-center justify-content-center\"><img decoding=\"async\" src=\"https:\/\/kobras.ee\/wp-content\/uploads\/2022\/09\/climate.svg\" class=\"ama-svg\" alt=\"\" \/><\/div><p>Keskkond<\/p><\/a><a href=\"https:\/\/kobras.ee\/tegevusalad\/projekteerimine\/\" target=\"\" \" class=\"icon-txt__item text-center\"><div class=\"d-flex flex-wrap align-items-center justify-content-center\"><img decoding=\"async\" src=\"https:\/\/kobras.ee\/wp-content\/uploads\/2022\/09\/project.svg\" class=\"ama-svg\" alt=\"\" \/><\/div><p>Projekteerimine<\/p><\/a><a href=\"https:\/\/kobras.ee\/tegevusalad\/planeerimine-ja-maastikuarhitektuur\/\" target=\"\" \" class=\"icon-txt__item text-center\"><div class=\"d-flex flex-wrap align-items-center justify-content-center\"><img decoding=\"async\" src=\"https:\/\/kobras.ee\/wp-content\/uploads\/2022\/09\/map.svg\" class=\"ama-svg\" alt=\"\" \/><\/div><p>Planeerimine ja maastikuarhitektuur<\/p><\/a><a href=\"https:\/\/kobras.ee\/tegevusalad\/geodeesia-ja-maakorraldus\/\" target=\"\" \" class=\"icon-txt__item text-center\"><div class=\"d-flex flex-wrap align-items-center justify-content-center\"><img decoding=\"async\" src=\"https:\/\/kobras.ee\/wp-content\/uploads\/2022\/09\/blueprint.svg\" class=\"ama-svg\" alt=\"\" \/><\/div><p>Geodeesia ja maakorraldus<\/p><\/a><\/div>\n\n<div id=\"acf-block_4349d608ff479b7ada3858a8592d3a33\" class=\"acf-block-element element-bgcolor alignmax bg-light\"><div class=\"container\">\n<div id=\"acf-block_9b617bd0e165681e0dedbc1844be8f10\" class=\"acf-block-element element-txtmedia-basic\"><div class=\"row row-grid align-items-center\"><div class=\"col-12 col-md-6 col-xl-5 col-content\"><div class=\"col-inner\">\n\n<h2 class=\"has-semi-giant-font-size wp-el wp-block-heading\">Ettev\u00f5ttest<\/h2>\n\n\n\n<p class=\"wp-el\">Ettev\u00f5tte ajalugu ulatub 1990. aasta 1. m\u00e4rtsi. K\u00e4esoleval ajal t\u00f6\u00f6tab ettev\u00f5ttes enam kui 20 t\u00f6\u00f6tajat, kelle koost\u00f6\u00f6 tulemusena suudame teostada kvaliteetseid maakorraldus-, projekteerimis- ja geodeetilisi t\u00f6id, koostada planeeringuid, maastikukujundusprojekte ja ruumilisi visualiseerimisi ning pakkuda erinevaid keskkonnakonsultatsioone. Ettev\u00f5te asub Tartus (Riia 35), kuid t\u00f6id on l\u00e4bi aastate teostatud Eesti k\u00f5ige erinevamates paikades.<\/p>\n\n<\/div><\/div><div class=\"col-12 col-md-6 col-xl-6 col-media offset-xl-1\"><div class=\"col-inner\"><a href=\"https:\/\/kobras.ee\/wp-content\/uploads\/2022\/09\/Arhiivi-pilt.jpg\"><img loading=\"lazy\" decoding=\"async\" width=\"600\" height=\"391\" src=\"https:\/\/kobras.ee\/wp-content\/uploads\/fly-images\/114\/map-600x9000.png\" class=\"attachment-600x9000\" alt=\"map\" \/><\/a><\/div><\/div><\/div><\/div>\n<\/div><\/div>","protected":false},"excerpt":{"rendered":"","protected":false},"author":1,"featured_media":1695,"parent":0,"menu_order":0,"comment_status":"closed","ping_status":"closed","template":"","meta":{"_acf_changed":false,"inline_featured_image":false,"footnotes":""},"class_list":["post-517","page","type-page","status-publish","has-post-thumbnail","hentry"],"acf":[],"_links":{"self":[{"href":"https:\/\/kobras.ee\/en\/wp-json\/wp\/v2\/pages\/517","targetHints":{"allow":["GET"]}}],"collection":[{"href":"https:\/\/kobras.ee\/en\/wp-json\/wp\/v2\/pages"}],"about":[{"href":"https:\/\/kobras.ee\/en\/wp-json\/wp\/v2\/types\/page"}],"author":[{"embeddable":true,"href":"https:\/\/kobras.ee\/en\/wp-json\/wp\/v2\/users\/1"}],"replies":[{"embeddable":true,"href":"https:\/\/kobras.ee\/en\/wp-json\/wp\/v2\/comments?post=517"}],"version-history":[{"count":1,"href":"https:\/\/kobras.ee\/en\/wp-json\/wp\/v2\/pages\/517\/revisions"}],"predecessor-version":[{"id":518,"href":"https:\/\/kobras.ee\/en\/wp-json\/wp\/v2\/pages\/517\/revisions\/518"}],"wp:featuredmedia":[{"embeddable":true,"href":"https:\/\/kobras.ee\/en\/wp-json\/wp\/v2\/media\/1695"}],"wp:attachment":[{"href":"https:\/\/kobras.ee\/en\/wp-json\/wp\/v2\/media?parent=517"}],"curies":[{"name":"wp","href":"https:\/\/api.w.org\/{rel}","templated":true}]}}